{"id":55,"date":"2023-04-05T08:46:56","date_gmt":"2023-04-05T06:46:56","guid":{"rendered":"https:\/\/www.cscheco40.eu\/?page_id=55"},"modified":"2023-04-06T18:00:45","modified_gmt":"2023-04-06T16:00:45","slug":"kontakt","status":"publish","type":"page","link":"https:\/\/www.cscheco40.eu\/en\/kontakt\/","title":{"rendered":"Contact"},"content":{"rendered":"<div data-elementor-type=\"wp-page\" data-elementor-id=\"55\" class=\"elementor elementor-55\" data-elementor-post-type=\"page\">\n\t\t\t\t\t\t\t\t\t<section class=\"elementor-section elementor-top-section elementor-element elementor-element-313cf9cb elementor-section-full_width elementor-section-height-min-height elementor-section-items-stretch elementor-section-height-default\" data-id=\"313cf9cb\" data-element_type=\"section\" id=\"top\">\n\t\t\t\t\t\t<div class=\"elementor-container elementor-column-gap-no\">\n\t\t\t\t\t<div class=\"elementor-column elementor-col-50 elementor-top-column elementor-element elementor-element-6000bb01\" data-id=\"6000bb01\" data-element_type=\"column\">\n\t\t\t<div class=\"elementor-widget-wrap elementor-element-populated\">\n\t\t\t\t\t\t\t\t<div class=\"elementor-element elementor-element-17a8e549 elementor-widget elementor-widget-heading\" data-id=\"17a8e549\" data-element_type=\"widget\" data-widget_type=\"heading.default\">\n\t\t\t\t<div class=\"elementor-widget-container\">\n\t\t\t<style>\/*! elementor - v3.16.0 - 09-10-2023 *\/\n.elementor-heading-title{padding:0;margin:0;line-height:1}.elementor-widget-heading .elementor-heading-title[class*=elementor-size-]>a{color:inherit;font-size:inherit;line-height:inherit}.elementor-widget-heading .elementor-heading-title.elementor-size-small{font-size:15px}.elementor-widget-heading .elementor-heading-title.elementor-size-medium{font-size:19px}.elementor-widget-heading .elementor-heading-title.elementor-size-large{font-size:29px}.elementor-widget-heading .elementor-heading-title.elementor-size-xl{font-size:39px}.elementor-widget-heading .elementor-heading-title.elementor-size-xxl{font-size:59px}<\/style><h1 class=\"elementor-heading-title elementor-size-default\">Contact<\/h1>\t\t<\/div>\n\t\t\t\t<\/div>\n\t\t\t\t<div class=\"elementor-element elementor-element-99f55fa elementor-widget-divider--view-line elementor-widget elementor-widget-divider\" data-id=\"99f55fa\" data-element_type=\"widget\" data-widget_type=\"divider.default\">\n\t\t\t\t<div class=\"elementor-widget-container\">\n\t\t\t<style>\/*! elementor - v3.16.0 - 09-10-2023 *\/\n.elementor-widget-divider{--divider-border-style:none;--divider-border-width:1px;--divider-color:#0c0d0e;--divider-icon-size:20px;--divider-element-spacing:10px;--divider-pattern-height:24px;--divider-pattern-size:20px;--divider-pattern-url:none;--divider-pattern-repeat:repeat-x}.elementor-widget-divider .elementor-divider{display:flex}.elementor-widget-divider .elementor-divider__text{font-size:15px;line-height:1;max-width:95%}.elementor-widget-divider .elementor-divider__element{margin:0 var(--divider-element-spacing);flex-shrink:0}.elementor-widget-divider .elementor-icon{font-size:var(--divider-icon-size)}.elementor-widget-divider .elementor-divider-separator{display:flex;margin:0;direction:ltr}.elementor-widget-divider--view-line_icon .elementor-divider-separator,.elementor-widget-divider--view-line_text .elementor-divider-separator{align-items:center}.elementor-widget-divider--view-line_icon .elementor-divider-separator:after,.elementor-widget-divider--view-line_icon .elementor-divider-separator:before,.elementor-widget-divider--view-line_text .elementor-divider-separator:after,.elementor-widget-divider--view-line_text .elementor-divider-separator:before{display:block;content:\"\";border-bottom:0;flex-grow:1;border-top:var(--divider-border-width) var(--divider-border-style) var(--divider-color)}.elementor-widget-divider--element-align-left .elementor-divider .elementor-divider-separator>.elementor-divider__svg:first-of-type{flex-grow:0;flex-shrink:100}.elementor-widget-divider--element-align-left .elementor-divider-separator:before{content:none}.elementor-widget-divider--element-align-left .elementor-divider__element{margin-left:0}.elementor-widget-divider--element-align-right .elementor-divider .elementor-divider-separator>.elementor-divider__svg:last-of-type{flex-grow:0;flex-shrink:100}.elementor-widget-divider--element-align-right .elementor-divider-separator:after{content:none}.elementor-widget-divider--element-align-right .elementor-divider__element{margin-right:0}.elementor-widget-divider:not(.elementor-widget-divider--view-line_text):not(.elementor-widget-divider--view-line_icon) .elementor-divider-separator{border-top:var(--divider-border-width) var(--divider-border-style) var(--divider-color)}.elementor-widget-divider--separator-type-pattern{--divider-border-style:none}.elementor-widget-divider--separator-type-pattern.elementor-widget-divider--view-line .elementor-divider-separator,.elementor-widget-divider--separator-type-pattern:not(.elementor-widget-divider--view-line) .elementor-divider-separator:after,.elementor-widget-divider--separator-type-pattern:not(.elementor-widget-divider--view-line) .elementor-divider-separator:before,.elementor-widget-divider--separator-type-pattern:not([class*=elementor-widget-divider--view]) .elementor-divider-separator{width:100%;min-height:var(--divider-pattern-height);-webkit-mask-size:var(--divider-pattern-size) 100%;mask-size:var(--divider-pattern-size) 100%;-webkit-mask-repeat:var(--divider-pattern-repeat);mask-repeat:var(--divider-pattern-repeat);background-color:var(--divider-color);-webkit-mask-image:var(--divider-pattern-url);mask-image:var(--divider-pattern-url)}.elementor-widget-divider--no-spacing{--divider-pattern-size:auto}.elementor-widget-divider--bg-round{--divider-pattern-repeat:round}.rtl .elementor-widget-divider .elementor-divider__text{direction:rtl}.e-con-inner>.elementor-widget-divider,.e-con>.elementor-widget-divider{width:var(--container-widget-width,100%);--flex-grow:var(--container-widget-flex-grow)}<\/style>\t\t<div class=\"elementor-divider\">\n\t\t\t<span class=\"elementor-divider-separator\">\n\t\t\t\t\t\t<\/span>\n\t\t<\/div>\n\t\t\t\t<\/div>\n\t\t\t\t<\/div>\n\t\t\t\t<div class=\"elementor-element elementor-element-2ca61fc elementor-widget elementor-widget-text-editor\" data-id=\"2ca61fc\" data-element_type=\"widget\" data-widget_type=\"text-editor.default\">\n\t\t\t\t<div class=\"elementor-widget-container\">\n\t\t\t<style>\/*! elementor - v3.16.0 - 09-10-2023 *\/\n.elementor-widget-text-editor.elementor-drop-cap-view-stacked .elementor-drop-cap{background-color:#69727d;color:#fff}.elementor-widget-text-editor.elementor-drop-cap-view-framed .elementor-drop-cap{color:#69727d;border:3px solid;background-color:transparent}.elementor-widget-text-editor:not(.elementor-drop-cap-view-default) .elementor-drop-cap{margin-top:8px}.elementor-widget-text-editor:not(.elementor-drop-cap-view-default) .elementor-drop-cap-letter{width:1em;height:1em}.elementor-widget-text-editor .elementor-drop-cap{float:left;text-align:center;line-height:1;font-size:50px}.elementor-widget-text-editor .elementor-drop-cap-letter{display:inline-block}<\/style>\t\t\t\t<p><b>E-mail:<\/b><br \/><a href=\"mailto:projekt@vsemba.sk\">projekt@vsemba.sk<\/a><\/p>\t\t\t\t\t\t<\/div>\n\t\t\t\t<\/div>\n\t\t\t\t<div class=\"elementor-element elementor-element-5e41e5f elementor-widget elementor-widget-spacer\" data-id=\"5e41e5f\" data-element_type=\"widget\" data-widget_type=\"spacer.default\">\n\t\t\t\t<div class=\"elementor-widget-container\">\n\t\t\t<style>\/*! elementor - v3.16.0 - 09-10-2023 *\/\n.elementor-column .elementor-spacer-inner{height:var(--spacer-size)}.e-con{--container-widget-width:100%}.e-con-inner>.elementor-widget-spacer,.e-con>.elementor-widget-spacer{width:var(--container-widget-width,var(--spacer-size));--align-self:var(--container-widget-align-self,initial);--flex-shrink:0}.e-con-inner>.elementor-widget-spacer>.elementor-widget-container,.e-con>.elementor-widget-spacer>.elementor-widget-container{height:100%;width:100%}.e-con-inner>.elementor-widget-spacer>.elementor-widget-container>.elementor-spacer,.e-con>.elementor-widget-spacer>.elementor-widget-container>.elementor-spacer{height:100%}.e-con-inner>.elementor-widget-spacer>.elementor-widget-container>.elementor-spacer>.elementor-spacer-inner,.e-con>.elementor-widget-spacer>.elementor-widget-container>.elementor-spacer>.elementor-spacer-inner{height:var(--container-widget-height,var(--spacer-size))}.e-con-inner>.elementor-widget-spacer.elementor-widget-empty,.e-con>.elementor-widget-spacer.elementor-widget-empty{position:relative;min-height:22px;min-width:22px}.e-con-inner>.elementor-widget-spacer.elementor-widget-empty .elementor-widget-empty-icon,.e-con>.elementor-widget-spacer.elementor-widget-empty .elementor-widget-empty-icon{position:absolute;top:0;bottom:0;left:0;right:0;margin:auto;padding:0;width:22px;height:22px}<\/style>\t\t<div class=\"elementor-spacer\">\n\t\t\t<div class=\"elementor-spacer-inner\"><\/div>\n\t\t<\/div>\n\t\t\t\t<\/div>\n\t\t\t\t<\/div>\n\t\t\t\t<div class=\"elementor-element elementor-element-cae5e35 elementor-widget elementor-widget-text-editor\" data-id=\"cae5e35\" data-element_type=\"widget\" data-widget_type=\"text-editor.default\">\n\t\t\t\t<div class=\"elementor-widget-container\">\n\t\t\t\t\t\t\t<p><b style=\"color: var( --e-global-color-text ); font-family: var( --e-global-typography-c05b693-font-family ), Sans-serif; font-size: var( --e-global-typography-c05b693-font-size ); font-style: var( --e-global-typography-c05b693-font-style ); letter-spacing: var( --e-global-typography-c05b693-letter-spacing ); text-decoration-line: ; text-transform: var( --e-global-typography-c05b693-text-transform ); word-spacing: var( --e-global-typography-c05b693-word-spacing ); background-color: var( --e-global-color-c696dce );\">Project manager:<\/b><br><\/p><p><span style=\"color: var( --e-global-color-text ); font-family: var( --e-global-typography-c05b693-font-family ), Sans-serif; font-size: var( --e-global-typography-c05b693-font-size ); font-style: var( --e-global-typography-c05b693-font-style ); font-weight: var( --e-global-typography-c05b693-font-weight ); letter-spacing: var( --e-global-typography-c05b693-letter-spacing ); text-transform: var( --e-global-typography-c05b693-text-transform ); word-spacing: var( --e-global-typography-c05b693-word-spacing ); background-color: var( --e-global-color-c696dce );\">Ing. Mari\u00e1n Kov\u00e1\u010d, PhD.<br><\/span><a href=\"mailto:marian.kovac@vsemba.sk\" target=\"_blank\" rel=\"noopener\">marian.kovac@vsemba.sk<\/a><span style=\"color: var( --e-global-color-text ); font-family: var( --e-global-typography-c05b693-font-family ), Sans-serif; font-size: var( --e-global-typography-c05b693-font-size ); font-style: var( --e-global-typography-c05b693-font-style ); font-weight: var( --e-global-typography-c05b693-font-weight ); letter-spacing: var( --e-global-typography-c05b693-letter-spacing ); text-transform: var( --e-global-typography-c05b693-text-transform ); word-spacing: var( --e-global-typography-c05b693-word-spacing ); background-color: var( --e-global-color-c696dce );\"><br>+421&nbsp;917&nbsp;986 739 <\/span><\/p>\t\t\t\t\t\t<\/div>\n\t\t\t\t<\/div>\n\t\t\t\t\t<\/div>\n\t\t<\/div>\n\t\t\t\t<div class=\"elementor-column elementor-col-50 elementor-top-column elementor-element elementor-element-3c2832a3\" data-id=\"3c2832a3\" data-element_type=\"column\" data-settings=\"{&quot;background_background&quot;:&quot;classic&quot;}\">\n\t\t\t<div class=\"elementor-widget-wrap elementor-element-populated\">\n\t\t\t\t\t\t\t\t<div class=\"elementor-element elementor-element-37cbde6 elementor-widget elementor-widget-spacer\" data-id=\"37cbde6\" data-element_type=\"widget\" data-widget_type=\"spacer.default\">\n\t\t\t\t<div class=\"elementor-widget-container\">\n\t\t\t\t\t<div class=\"elementor-spacer\">\n\t\t\t<div class=\"elementor-spacer-inner\"><\/div>\n\t\t<\/div>\n\t\t\t\t<\/div>\n\t\t\t\t<\/div>\n\t\t\t\t\t<\/div>\n\t\t<\/div>\n\t\t\t\t\t\t\t<\/div>\n\t\t<\/section>\n\t\t<div class=\"elementor-element elementor-element-4cd19ac e-con-full e-flex e-con e-parent\" data-id=\"4cd19ac\" data-element_type=\"container\" data-settings=\"{&quot;content_width&quot;:&quot;full&quot;}\" data-core-v316-plus=\"true\">\n\t\t<div class=\"elementor-element elementor-element-6672ed4 e-con-full elementor-hidden-tablet elementor-hidden-mobile e-flex e-con e-child\" data-id=\"6672ed4\" data-element_type=\"container\" data-settings=\"{&quot;content_width&quot;:&quot;full&quot;,&quot;background_background&quot;:&quot;gradient&quot;}\">\n\t\t\t\t<\/div>\n\t\t<div class=\"elementor-element elementor-element-934c9fa e-con-full e-flex e-con e-child\" data-id=\"934c9fa\" data-element_type=\"container\" data-settings=\"{&quot;content_width&quot;:&quot;full&quot;}\">\n\t\t\t\t<div class=\"elementor-element elementor-element-c9f150d elementor-widget elementor-widget-heading\" data-id=\"c9f150d\" data-element_type=\"widget\" data-widget_type=\"heading.default\">\n\t\t\t\t<div class=\"elementor-widget-container\">\n\t\t\t<h2 class=\"elementor-heading-title elementor-size-default\">Further information<\/h2>\t\t<\/div>\n\t\t\t\t<\/div>\n\t\t\t\t<div class=\"elementor-element elementor-element-016f355 elementor-widget elementor-widget-text-editor\" data-id=\"016f355\" data-element_type=\"widget\" data-widget_type=\"text-editor.default\">\n\t\t\t\t<div class=\"elementor-widget-container\">\n\t\t\t\t\t\t\t<p>If you want to know more about programs and projects financed by the <b>Norway grants<\/b> in Slovakia, visit <a href=\"https:\/\/www.norwaygrants.sk\" target=\"_blank\">www.norwaygrants.sk<\/a>.<\/p>\n<p><span style=\"color: var( --e-global-color-text ); font-family: var( --e-global-typography-c05b693-font-family ), Sans-serif; font-size: var( --e-global-typography-c05b693-font-size ); font-style: var( --e-global-typography-c05b693-font-style ); font-weight: var( --e-global-typography-c05b693-font-weight ); letter-spacing: var( --e-global-typography-c05b693-letter-spacing ); text-transform: var( --e-global-typography-c05b693-text-transform ); word-spacing: var( --e-global-typography-c05b693-word-spacing ); text-align: var(--text-align); background-color: var( --e-global-color-c696dce );\">The Norway Grants represent Norway\u2019s contribution towards a green, competitive, and inclusive Europe.<\/span><\/p>\n<p><span style=\"color: var( --e-global-color-text ); font-family: var( --e-global-typography-c05b693-font-family ), Sans-serif; font-size: var( --e-global-typography-c05b693-font-size ); font-style: var( --e-global-typography-c05b693-font-style ); font-weight: var( --e-global-typography-c05b693-font-weight ); letter-spacing: var( --e-global-typography-c05b693-letter-spacing ); text-transform: var( --e-global-typography-c05b693-text-transform ); word-spacing: var( --e-global-typography-c05b693-word-spacing ); text-align: var(--text-align); background-color: var( --e-global-color-c696dce );\">Through the Norway Grants, Norway contributes to reducing social and economic disparities and to strengthening bilateral relations with beneficiary countries in Central and Southern Europe and the Baltics.<\/span><\/p><p><b style=\"color: var( --e-global-color-text ); font-family: var( --e-global-typography-c05b693-font-family ), Sans-serif; font-size: var( --e-global-typography-c05b693-font-size ); font-style: var( --e-global-typography-c05b693-font-style ); letter-spacing: var( --e-global-typography-c05b693-letter-spacing ); text-decoration-line: ; text-transform: var( --e-global-typography-c05b693-text-transform ); word-spacing: var( --e-global-typography-c05b693-word-spacing ); text-align: var(--text-align); background-color: var( --e-global-color-c696dce );\">\u201eWorking together for a green, competitive and inclusive Europe.\u201c<\/b><\/p>\t\t\t\t\t\t<\/div>\n\t\t\t\t<\/div>\n\t\t\t\t<\/div>\n\t\t\t\t<\/div>\n\t\t\t\t\t\t\t<\/div>","protected":false},"excerpt":{"rendered":"<p>Kontakt E-mail:projekt@vsemba.sk Projektov\u00fd mana\u017e\u00e9r Ing. Mari\u00e1n Kov\u00e1\u010d, PhD.marian.kovac@vsemba.sk+421&nbsp;917&nbsp;986 739 \u010eal\u0161ie inform\u00e1cie Ak sa chcete dozvedie\u0165 viac o programoch a projektoch financovan\u00fdch z N\u00f3rskych grantov na Slovensku, nav\u0161t\u00edvte str\u00e1nku www.norwaygrants.sk. N\u00f3rske granty predstavuj\u00fa pr\u00edspevok N\u00f3rska k zelenej, konkurencieschopnej a inkluz\u00edvnej Eur\u00f3pe. N\u00f3rsko prostredn\u00edctvom N\u00f3rskych grantov prispieva k zni\u017eovaniu ekonomick\u00fdch a spolo\u010densk\u00fdch rozdielov a k posil\u0148ovaniu vz\u00e1jomn\u00fdch [&hellip;]<\/p>","protected":false},"author":1,"featured_media":0,"parent":0,"menu_order":0,"comment_status":"closed","ping_status":"closed","template":"elementor_header_footer","meta":{"footnotes":""},"_links":{"self":[{"href":"https:\/\/www.cscheco40.eu\/en\/wp-json\/wp\/v2\/pages\/55"}],"collection":[{"href":"https:\/\/www.cscheco40.eu\/en\/wp-json\/wp\/v2\/pages"}],"about":[{"href":"https:\/\/www.cscheco40.eu\/en\/wp-json\/wp\/v2\/types\/page"}],"author":[{"embeddable":true,"href":"https:\/\/www.cscheco40.eu\/en\/wp-json\/wp\/v2\/users\/1"}],"replies":[{"embeddable":true,"href":"https:\/\/www.cscheco40.eu\/en\/wp-json\/wp\/v2\/comments?post=55"}],"version-history":[{"count":6,"href":"https:\/\/www.cscheco40.eu\/en\/wp-json\/wp\/v2\/pages\/55\/revisions"}],"predecessor-version":[{"id":451,"href":"https:\/\/www.cscheco40.eu\/en\/wp-json\/wp\/v2\/pages\/55\/revisions\/451"}],"wp:attachment":[{"href":"https:\/\/www.cscheco40.eu\/en\/wp-json\/wp\/v2\/media?parent=55"}],"curies":[{"name":"wp","href":"https:\/\/api.w.org\/{rel}","templated":true}]}}